{"id":8396,"date":"2020-08-31T16:58:59","date_gmt":"2020-08-31T13:58:59","guid":{"rendered":"https:\/\/aldargroup.com.tr\/?page_id=8396"},"modified":"2022-06-07T16:13:19","modified_gmt":"2022-06-07T13:13:19","slug":"kataremlak","status":"publish","type":"page","link":"https:\/\/aldargroup.com.tr\/ar\/kataremlak\/","title":{"rendered":"Katar Emlak"},"content":{"rendered":"<p>[vc_row full_width=&#8221;stretch_row&#8221; css=&#8221;.vc_custom_1654607421005{padding-bottom: 33px !important;background-image: url(https:\/\/aldargroup.com.tr\/ar\/wp-content\/uploads\/2022\/03\/aldarturkey-min-1.png?id=9953) !important;background-position: center !important;background-repeat: no-repeat !important;background-size: cover !important;}&#8221; el_class=&#8221;fixed_bg overlay_2&#8243;][vc_column offset=&#8221;vc_hidden-lg vc_hidden-md vc_hidden-sm&#8221; css=&#8221;.vc_custom_1599119038883{padding-bottom: 155px !important;}&#8221;][vc_single_image image=&#8221;9967&#8243; img_size=&#8221;full&#8221; alignment=&#8221;center&#8221; onclick=&#8221;zoom&#8221; css_animation=&#8221;top-to-bottom&#8221; css=&#8221;.vc_custom_1654607558242{margin-top: 22px !important;margin-left: -12px !important;}&#8221;][vc_custom_heading stm_title_font_weight=&#8221;500&#8243; text=&#8221;\u0627\u0644\u062f\u0627\u0631 \u062a\u0631\u0643\u064a\u0627 \u0647\u064a \u0645\u0646\u0635\u0629 \u0645\u062a\u0639\u062f\u062f\u0629 \u0627\u0644\u0644\u063a\u0627\u062a \u0639\u0644\u0649 \u0627\u0644\u0625\u0646\u062a\u0631\u0646\u062a \u062a\u0642\u062f\u0645 \u0645\u0639\u0644\u0648\u0645\u0627\u062a \u0644\u0644\u0639\u0645\u0644\u0627\u0621 \u0627\u0644\u0623\u062c\u0627\u0646\u0628 \u060c \u0627\u0644\u0630\u064a\u0646 \u064a\u0628\u062d\u062b\u0648\u0646 \u0639\u0646 \u0631\u0639\u0627\u064a\u0629 \u0635\u062d\u064a\u0629 \u0623\u0648 \u0627\u0633\u062a\u062b\u0645\u0627\u0631 \u0639\u0642\u0627\u0631\u064a \u0641\u064a \u062a\u0631\u0643\u064a\u0627. \u062a\u0642\u0648\u0645 \u0645\u0624\u0633\u0633\u0627\u062a \u0627\u0644\u0631\u0639\u0627\u064a\u0629 \u0627\u0644\u0635\u062d\u064a\u0629 \u0627\u0644\u0645\u0647\u0646\u064a\u0629 \u0648\u0627\u0644\u0634\u0631\u0643\u0627\u062a \u0627\u0644\u0639\u0642\u0627\u0631\u064a\u0629 \u0628\u0625\u062f\u0631\u0627\u062c \u0645\u0645\u062a\u0644\u0643\u0627\u062a\u0647\u0645 \/ \u062e\u062f\u0645\u0627\u062a\u0647\u0645 \u0645\u0646 \u062e\u0644\u0627\u0644 \u0634\u0631\u0643\u0629 \u0627\u0644\u062f\u0627\u0631\u0627\u0644\u062a\u0631\u0643\u064a\u0629. \u064a\u0642\u062f\u0645 \u0646\u0647\u062c\u064b\u0627 \u0645\u0628\u062a\u0643\u0631\u064b\u0627 \u0644\u0644\u0639\u0645\u0644\u0627\u0621 \u060c \u062d\u064a\u062b \u064a\u0645\u0643\u0646\u0647\u0645 \u0625\u0631\u0633\u0627\u0644 \u0627\u0633\u062a\u0641\u0633\u0627\u0631\u0627\u062a \u0639\u0646 \u0627\u0644\u0645\u0645\u062a\u0644\u0643\u0627\u062a \/ \u0627\u0644\u062e\u062f\u0645\u0627\u062a \u0627\u0644\u062a\u064a \u064a\u0628\u062d\u062b\u0648\u0646 \u0639\u0646\u0647\u0627&#8221; font_container=&#8221;tag:div|font_size:14|text_align:center|color:%23ffffff|line_height:1.5&#8243; use_theme_fonts=&#8221;yes&#8221; css=&#8221;.vc_custom_1599122700771{margin-top: 44px !important;}&#8221;][vc_btn title=&#8221;\u0627\u0630\u0647\u0628 \u0625\u0644\u0649 \u0627\u0644\u0645\u0648\u0642\u0639&#8221; style=&#8221;flat&#8221; shape=&#8221;round&#8221; color=&#8221;theme_style_1&#8243; size=&#8221;lg&#8221; align=&#8221;center&#8221; link=&#8221;url:http%3A%2F%2Fkataremlakcom||target:%20_blank|&#8221; css=&#8221;.vc_custom_1649421919423{margin-top: 11px !important;}&#8221;][vc_custom_heading stm_title_font_weight=&#8221;500&#8243; text=&#8221;\u062d\u0633\u0627\u0628\u0627\u062a \u0648\u0633\u0627\u0626\u0644 \u0627\u0644\u062a\u0648\u0627\u0635\u0644 \u0627\u0644\u0627\u062c\u062a\u0645\u0627\u0639\u064a&#8221; font_container=&#8221;tag:div|font_size:14|text_align:center|color:%23ffffff|line_height:1.5&#8243; use_theme_fonts=&#8221;yes&#8221; css=&#8221;.vc_custom_1649422334204{margin-bottom: -66px !important;}&#8221;][vc_column_text css=&#8221;.vc_custom_1654607032905{margin-top: 44px !important;}&#8221;]<\/p>\n<p>&nbsp;<br \/>\n<center><\/p>\n<p style=\"text-align: center;\"><div class=\"socializer sr-followbar sr-32px sr-circle sr-zoom sr-pad sr-multiline\"><span class=\"sr-facebook \"><a rel=\"nofollow\" href=\"https:\/\/www.facebook.com\/Katar-Emlak-103514022292987\" target=\"_blank\" title=\"Facebook\" style=\"color: #ffffff\" ><i class=\"fab fa-facebook-f\"><\/i><\/a><\/span><span class=\"sr-twitter \"><a rel=\"nofollow\" href=\"https:\/\/twitter.com\/kataremlak\" target=\"_blank\" title=\"Twitter\" style=\"color: #ffffff\" ><i class=\"fab fa-twitter\"><\/i><\/a><\/span><span class=\"sr-instagram \"><a rel=\"nofollow\" href=\"https:\/\/www.instagram.com\/kataremlak\" target=\"_blank\" title=\"Instagram\" style=\"color: #ffffff\" ><i class=\"fab fa-instagram\"><\/i><\/a><\/span><\/div>\n<p><\/center><br \/>\n[\/vc_column_text][\/vc_column][\/vc_row][vc_row full_width=&#8221;stretch_row_content&#8221; css=&#8221;.vc_custom_1654607600202{margin-top: -33px !important;padding-bottom: 33px !important;background-image: url(https:\/\/aldargroup.com.tr\/ar\/wp-content\/uploads\/2022\/03\/aldarturkey-min-1.png?id=9953) !important;background-position: center !important;background-repeat: no-repeat !important;background-size: cover !important;}&#8221;][vc_column offset=&#8221;vc_hidden-xs&#8221; css=&#8221;.vc_custom_1599122984200{padding-top: 55px !important;padding-bottom: 133px !important;}&#8221;][vc_single_image image=&#8221;9967&#8243; img_size=&#8221;full&#8221; alignment=&#8221;center&#8221; onclick=&#8221;zoom&#8221; css_animation=&#8221;top-to-bottom&#8221; css=&#8221;.vc_custom_1649421873531{margin-left: -12px !important;}&#8221;][vc_row_inner][vc_column_inner width=&#8221;1\/6&#8243;][\/vc_column_inner][vc_column_inner width=&#8221;2\/3&#8243;][vc_custom_heading stm_title_font_weight=&#8221;500&#8243; text=&#8221;\u0627\u0644\u062f\u0627\u0631 \u062a\u0631\u0643\u064a\u0627 \u0647\u064a \u0645\u0646\u0635\u0629 \u0645\u062a\u0639\u062f\u062f\u0629 \u0627\u0644\u0644\u063a\u0627\u062a \u0639\u0644\u0649 \u0627\u0644\u0625\u0646\u062a\u0631\u0646\u062a \u062a\u0642\u062f\u0645 \u0645\u0639\u0644\u0648\u0645\u0627\u062a \u0644\u0644\u0639\u0645\u0644\u0627\u0621 \u0627\u0644\u0623\u062c\u0627\u0646\u0628 \u060c \u0627\u0644\u0630\u064a\u0646 \u064a\u0628\u062d\u062b\u0648\u0646 \u0639\u0646 \u0631\u0639\u0627\u064a\u0629 \u0635\u062d\u064a\u0629 \u0623\u0648 \u0627\u0633\u062a\u062b\u0645\u0627\u0631 \u0639\u0642\u0627\u0631\u064a \u0641\u064a \u062a\u0631\u0643\u064a\u0627. \u062a\u0642\u0648\u0645 \u0645\u0624\u0633\u0633\u0627\u062a \u0627\u0644\u0631\u0639\u0627\u064a\u0629 \u0627\u0644\u0635\u062d\u064a\u0629 \u0627\u0644\u0645\u0647\u0646\u064a\u0629 \u0648\u0627\u0644\u0634\u0631\u0643\u0627\u062a \u0627\u0644\u0639\u0642\u0627\u0631\u064a\u0629 \u0628\u0625\u062f\u0631\u0627\u062c \u0645\u0645\u062a\u0644\u0643\u0627\u062a\u0647\u0645 \/ \u062e\u062f\u0645\u0627\u062a\u0647\u0645 \u0645\u0646 \u062e\u0644\u0627\u0644 \u0634\u0631\u0643\u0629 \u0627\u0644\u062f\u0627\u0631\u0627\u0644\u062a\u0631\u0643\u064a\u0629. \u064a\u0642\u062f\u0645 \u0646\u0647\u062c\u064b\u0627 \u0645\u0628\u062a\u0643\u0631\u064b\u0627 \u0644\u0644\u0639\u0645\u0644\u0627\u0621 \u060c \u062d\u064a\u062b \u064a\u0645\u0643\u0646\u0647\u0645 \u0625\u0631\u0633\u0627\u0644 \u0627\u0633\u062a\u0641\u0633\u0627\u0631\u0627\u062a \u0639\u0646 \u0627\u0644\u0645\u0645\u062a\u0644\u0643\u0627\u062a \/ \u0627\u0644\u062e\u062f\u0645\u0627\u062a \u0627\u0644\u062a\u064a \u064a\u0628\u062d\u062b\u0648\u0646 \u0639\u0646\u0647\u0627&#8221; font_container=&#8221;tag:h3|font_size:20|text_align:center|line_height:1.5&#8243; use_theme_fonts=&#8221;yes&#8221; css=&#8221;.vc_custom_1599558428041{margin-top: -22px !important;margin-bottom: -20px !important;}&#8221;][\/vc_column_inner][vc_column_inner width=&#8221;1\/6&#8243;][\/vc_column_inner][\/vc_row_inner][vc_btn title=&#8221;\u0627\u0630\u0647\u0628 \u0625\u0644\u0649 \u0627\u0644\u0645\u0648\u0642\u0639&#8221; style=&#8221;flat&#8221; shape=&#8221;round&#8221; color=&#8221;theme_style_1&#8243; size=&#8221;lg&#8221; align=&#8221;center&#8221; link=&#8221;url:https%3A%2F%2Fkataremlakcom|||&#8221; css=&#8221;.vc_custom_1649421888473{margin-top: 12px !important;}&#8221;][vc_custom_heading stm_title_font_weight=&#8221;600&#8243; text=&#8221;\u062d\u0633\u0627\u0628\u0627\u062a \u0648\u0633\u0627\u0626\u0644 \u0627\u0644\u062a\u0648\u0627\u0635\u0644 \u0627\u0644\u0627\u062c\u062a\u0645\u0627\u0639\u064a&#8221; font_container=&#8221;tag:h3|font_size:16|text_align:center|line_height:1.5&#8243; use_theme_fonts=&#8221;yes&#8221; css=&#8221;.vc_custom_1654607222595{margin-top: -15px !important;margin-bottom: -66px !important;}&#8221;][vc_column_text]<\/p>\n<p>&nbsp;<br \/>\n<center><\/p>\n<p style=\"text-align: center;\"><div class=\"socializer sr-followbar sr-32px sr-circle sr-zoom sr-pad sr-multiline\"><span class=\"sr-facebook \"><a rel=\"nofollow\" href=\"https:\/\/www.facebook.com\/Katar-Emlak-103514022292987\" target=\"_blank\" title=\"Facebook\" style=\"color: #ffffff\" ><i class=\"fab fa-facebook-f\"><\/i><\/a><\/span><span class=\"sr-twitter \"><a rel=\"nofollow\" href=\"https:\/\/twitter.com\/kataremlak\" target=\"_blank\" title=\"Twitter\" style=\"color: #ffffff\" ><i class=\"fab fa-twitter\"><\/i><\/a><\/span><span class=\"sr-instagram \"><a rel=\"nofollow\" href=\"https:\/\/www.instagram.com\/kataremlak\/\" target=\"_blank\" title=\"Instagram\" style=\"color: #ffffff\" ><i class=\"fab fa-instagram\"><\/i><\/a><\/span><\/div>\n<p><\/center><br \/>\n[\/vc_column_text][\/vc_column][\/vc_row][vc_row full_width=&#8221;stretch_row&#8221; parallax=&#8221;content-moving&#8221; parallax_image=&#8221;9968&#8243; parallax_speed_bg=&#8221;5&#8243; css=&#8221;.vc_custom_1649422022362{margin-top: -55px !important;padding-top: 22px !important;padding-bottom: 44px !important;}&#8221;][vc_column offset=&#8221;vc_hidden-xs&#8221;][vc_custom_heading text=&#8221;\u0627\u062e\u062a\u0628\u0631 \u0627\u0644\u062e\u062f\u0645\u0629 \u0627\u0644\u062a\u064a \u062a\u0628\u062d\u062b \u0639\u0646\u0647\u0627 \u0645\u0639 \u0627\u062e\u062a\u0644\u0627\u0641 \u0627\u0644\u062f\u0627\u0631 \u0627\u0644\u062a\u0631\u0643\u064a\u0629&#8221; font_container=&#8221;tag:h1|font_size:44|text_align:center|color:%23ffffff&#8221; use_theme_fonts=&#8221;yes&#8221; css=&#8221;.vc_custom_1599122742699{padding-top: 33px !important;padding-bottom: 22px !important;}&#8221;][\/vc_column][\/vc_row][vc_row css=&#8221;.vc_custom_1598255393325{margin-top: 22px !important;margin-bottom: 44px !important;}&#8221;][vc_column width=&#8221;1\/2&#8243; offset=&#8221;vc_col-lg-6 vc_col-md-12 vc_hidden-xs&#8221;][vc_custom_heading text=&#8221;\u0627\u0644\u062f\u0627\u0631 \u062a\u0631\u0643\u064a\u0627&#8221; font_container=&#8221;tag:h3|text_align:left&#8221; google_fonts=&#8221;font_family:Montserrat%3Aregular%2C700|font_style:700%20bold%20regular%3A700%3Anormal&#8221; css=&#8221;.vc_custom_1599122806631{margin-top: 22px !important;margin-bottom: 29px !important;}&#8221;][vc_custom_heading stm_title_font_weight=&#8221;400&#8243; text=&#8221;\u064a\u0642\u062f\u0645 \u0627\u0644\u0642\u0637\u0627\u0639 \u0627\u0644\u0635\u062d\u064a \u0641\u064a \u062a\u0631\u0643\u064a\u0627 \u0645\u0631\u0627\u0641\u0642 \u0648\u062e\u062f\u0645\u0627\u062a \u0641\u0627\u0626\u0642\u0629 \u0645\u062b\u0644 \u0623\u0645\u0631\u0627\u0636 \u0627\u0644\u0642\u0644\u0628 \u0648\u0627\u0644\u0639\u0646\u0627\u064a\u0629 \u0628\u0627\u0644\u0628\u0634\u0631\u0629 \u0648\u0639\u0644\u0645 \u0627\u0644\u0648\u0631\u0627\u062b\u0629 \u0648\u0625\u062c\u0631\u0627\u0621\u0627\u062a \u0627\u0644\u0632\u0631\u0639 \u0627\u0644\u0628\u0627\u0631\u0632\u0629. \u0628\u0645\u062a\u0648\u0633\u0637 \u0646\u0645\u0648 \u0633\u0646\u0648\u064a \u064a\u0628\u0644\u063a<br \/>\n\u066a\u0662\u0660<br \/>\n\u060c\u064a\u0641\u0636\u0644 \u0627\u0644\u0645\u0632\u064a\u062f \u0645\u0646 \u0627\u0644\u0636\u064a\u0648\u0641 \u062a\u0631\u0643\u064a\u0627 \u0644\u062a\u0644\u0642\u064a \u0627\u0644\u062e\u062f\u0645\u0627\u062a \u0627\u0644\u0635\u062d\u064a\u0629 \u0648\u0627\u0644\u0639\u0644\u0627\u062c\u0627\u062a. \u0627\u0644\u062f\u0627\u0631 \u062a\u0631\u0643\u064a\u0627 \u0647\u064a \u0645\u0646\u0635\u0629 \u0645\u0648\u062b\u0648\u0642\u0629 \u062a\u062a\u0639\u0627\u0648\u0646 \u0645\u0639 \u0623\u0641\u0636\u0644 \u0627\u0644\u0634\u0631\u0643\u0627\u062a \u0627\u0644\u0635\u062d\u064a\u0629 \u0648\u062a\u0642\u062f\u0645 \u0645\u0639\u0644\u0648\u0645\u0627\u062a \u0628\u0644\u063a\u0627\u062a \u0645\u062a\u0639\u062f\u062f\u0629 \u0644\u0644\u0623\u0641\u0631\u0627\u062f \u0639\u0646\u062f \u0627\u0644\u0628\u062d\u062b \u0639\u0646 \u062e\u062f\u0645\u0627\u062a \u0627\u0644\u062c\u0631\u0627\u062d\u0629 \u0627\u0644\u062a\u062c\u0645\u064a\u0644\u064a\u0629 \u0623\u0648 \u0627\u0644\u0639\u0644\u0627\u062c \u0641\u064a \u062a\u0631\u0643\u064a\u0627. \u064a\u0645\u0643\u0646 \u0644\u0644\u0633\u064a\u0627\u062d \u0627\u0644\u0642\u0627\u062f\u0645\u064a\u0646 \u0644\u0644\u0639\u0644\u0627\u062c \u0637\u0648\u064a\u0644 \u0627\u0644\u0623\u0645\u062f \u0627\u0644\u062d\u0635\u0648\u0644 \u0639\u0644\u0649 \u0645\u0645\u062a\u0644\u0643\u0627\u062a \u0623\u0648 \u062a\u0635\u0631\u064a\u062d \u0625\u0642\u0627\u0645\u0629 \u0623\u0648 \u0627\u0644\u062c\u0646\u0633\u064a\u0629 \u0628\u0641\u0636\u0644 \u0627\u0644\u0645\u0632\u0627\u064a\u0627 \u0627\u0644\u0639\u0642\u0627\u0631\u064a\u0629 \u0627\u0644\u0645\u0645\u0646\u0648\u062d\u0629 \u0644\u0644\u0623\u062c\u0627\u0646\u0628. \u064a\u0641\u0636\u0644 \u0627\u0644\u0639\u062f\u064a\u062f \u0645\u0646 \u0627\u0644\u0623\u062c\u0627\u0646\u0628 \u0634\u0631\u0627\u0621 \u0627\u0644\u0639\u0642\u0627\u0631\u0627\u062a \u0628\u0639\u062f \u0627\u0644\u062d\u0635\u0648\u0644 \u0639\u0644\u0649 \u062e\u062f\u0645\u0627\u062a \u0635\u062d\u064a\u0629 \u0645\u0642\u062f\u0645\u0629 \u0641\u064a \u062a\u0631\u0643\u064a\u0627&#8221; font_container=&#8221;tag:h3|font_size:18|text_align:left|color:%236d767a|line_height:1.5&#8243; use_theme_fonts=&#8221;yes&#8221; css=&#8221;.vc_custom_1599122798458{margin-top: -44px !important;}&#8221;][\/vc_column][vc_column width=&#8221;1\/2&#8243; offset=&#8221;vc_hidden-xs&#8221;][vc_single_image image=&#8221;9955&#8243; img_size=&#8221;full&#8221; style=&#8221;vc_box_shadow_3d&#8221; css=&#8221;.vc_custom_1646225819593{margin-top: 16px !important;}&#8221;][\/vc_column][\/vc_row][vc_row css=&#8221;.vc_custom_1598255393325{margin-top: 22px !important;margin-bottom: 44px !important;}&#8221;][vc_column width=&#8221;1\/2&#8243; offset=&#8221;vc_col-lg-6 vc_hidden-lg vc_col-md-12 vc_hidden-md vc_hidden-sm&#8221;][vc_single_image image=&#8221;9955&#8243; img_size=&#8221;full&#8221; style=&#8221;vc_box_shadow_3d&#8221;][\/vc_column][vc_column width=&#8221;1\/2&#8243; offset=&#8221;vc_hidden-lg vc_hidden-md vc_hidden-sm&#8221;][vc_custom_heading text=&#8221;\u0627\u0644\u062f\u0627\u0631 \u062a\u0631\u0643\u064a\u0627&#8221; font_container=&#8221;tag:h3|text_align:left&#8221; google_fonts=&#8221;font_family:Montserrat%3Aregular%2C700|font_style:700%20bold%20regular%3A700%3Anormal&#8221; css=&#8221;.vc_custom_1599122830460{margin-bottom: 29px !important;}&#8221;][vc_custom_heading stm_title_font_weight=&#8221;400&#8243; text=&#8221;\u064a\u0642\u062f\u0645 \u0627\u0644\u0642\u0637\u0627\u0639 \u0627\u0644\u0635\u062d\u064a \u0641\u064a \u062a\u0631\u0643\u064a\u0627 \u0645\u0631\u0627\u0641\u0642 \u0648\u062e\u062f\u0645\u0627\u062a \u0641\u0627\u0626\u0642\u0629 \u0645\u062b\u0644 \u0623\u0645\u0631\u0627\u0636 \u0627\u0644\u0642\u0644\u0628 \u0648\u0627\u0644\u0639\u0646\u0627\u064a\u0629 \u0628\u0627\u0644\u0628\u0634\u0631\u0629 \u0648\u0639\u0644\u0645 \u0627\u0644\u0648\u0631\u0627\u062b\u0629 \u0648\u0625\u062c\u0631\u0627\u0621\u0627\u062a \u0627\u0644\u0632\u0631\u0639 \u0627\u0644\u0628\u0627\u0631\u0632\u0629. \u0628\u0645\u062a\u0648\u0633\u0637 \u0646\u0645\u0648 \u0633\u0646\u0648\u064a \u064a\u0628\u0644\u063a<br \/>\n\u066a\u0662\u0660<br \/>\n\u060c\u064a\u0641\u0636\u0644 \u0627\u0644\u0645\u0632\u064a\u062f \u0645\u0646 \u0627\u0644\u0636\u064a\u0648\u0641 \u062a\u0631\u0643\u064a\u0627 \u0644\u062a\u0644\u0642\u064a \u0627\u0644\u062e\u062f\u0645\u0627\u062a \u0627\u0644\u0635\u062d\u064a\u0629 \u0648\u0627\u0644\u0639\u0644\u0627\u062c\u0627\u062a. \u0627\u0644\u062f\u0627\u0631 \u062a\u0631\u0643\u064a\u0627 \u0647\u064a \u0645\u0646\u0635\u0629 \u0645\u0648\u062b\u0648\u0642\u0629 \u062a\u062a\u0639\u0627\u0648\u0646 \u0645\u0639 \u0623\u0641\u0636\u0644 \u0627\u0644\u0634\u0631\u0643\u0627\u062a \u0627\u0644\u0635\u062d\u064a\u0629 \u0648\u062a\u0642\u062f\u0645 \u0645\u0639\u0644\u0648\u0645\u0627\u062a \u0628\u0644\u063a\u0627\u062a \u0645\u062a\u0639\u062f\u062f\u0629 \u0644\u0644\u0623\u0641\u0631\u0627\u062f \u0639\u0646\u062f \u0627\u0644\u0628\u062d\u062b \u0639\u0646 \u062e\u062f\u0645\u0627\u062a \u0627\u0644\u062c\u0631\u0627\u062d\u0629 \u0627\u0644\u062a\u062c\u0645\u064a\u0644\u064a\u0629 \u0623\u0648 \u0627\u0644\u0639\u0644\u0627\u062c \u0641\u064a \u062a\u0631\u0643\u064a\u0627. \u064a\u0645\u0643\u0646 \u0644\u0644\u0633\u064a\u0627\u062d \u0627\u0644\u0642\u0627\u062f\u0645\u064a\u0646 \u0644\u0644\u0639\u0644\u0627\u062c \u0637\u0648\u064a\u0644 \u0627\u0644\u0623\u0645\u062f \u0627\u0644\u062d\u0635\u0648\u0644 \u0639\u0644\u0649 \u0645\u0645\u062a\u0644\u0643\u0627\u062a \u0623\u0648 \u062a\u0635\u0631\u064a\u062d \u0625\u0642\u0627\u0645\u0629 \u0623\u0648 \u0627\u0644\u062c\u0646\u0633\u064a\u0629 \u0628\u0641\u0636\u0644 \u0627\u0644\u0645\u0632\u0627\u064a\u0627 \u0627\u0644\u0639\u0642\u0627\u0631\u064a\u0629 \u0627\u0644\u0645\u0645\u0646\u0648\u062d\u0629 \u0644\u0644\u0623\u062c\u0627\u0646\u0628. \u064a\u0641\u0636\u0644 \u0627\u0644\u0639\u062f\u064a\u062f \u0645\u0646 \u0627\u0644\u0623\u062c\u0627\u0646\u0628 \u0634\u0631\u0627\u0621 \u0627\u0644\u0639\u0642\u0627\u0631\u0627\u062a \u0628\u0639\u062f \u0627\u0644\u062d\u0635\u0648\u0644 \u0639\u0644\u0649 \u062e\u062f\u0645\u0627\u062a \u0635\u062d\u064a\u0629 \u0645\u0642\u062f\u0645\u0629 \u0641\u064a \u062a\u0631\u0643\u064a\u0627&#8221; font_container=&#8221;tag:div|font_size:18|text_align:left|color:%236d767a|line_height:1.5&#8243; use_theme_fonts=&#8221;yes&#8221; css=&#8221;.vc_custom_1599122845706{margin-top: -19px !important;}&#8221;][\/vc_column][\/vc_row][vc_row css=&#8221;.vc_custom_1598255377301{margin-top: -22px !important;margin-bottom: 22px !important;}&#8221;][vc_column width=&#8221;1\/2&#8243; offset=&#8221;vc_col-lg-6 vc_col-md-12&#8243;][vc_single_image image=&#8221;9956&#8243; img_size=&#8221;full&#8221; style=&#8221;vc_box_shadow_3d&#8221;][\/vc_column][vc_column width=&#8221;1\/2&#8243; offset=&#8221;vc_hidden-xs&#8221;][vc_custom_heading stm_title_font_weight=&#8221;400&#8243; text=&#8221;\u062a\u0633\u0645\u062d \u0627\u0644\u062f\u0627\u0631 \u062a\u0631\u0643\u064a\u0627 \u0644\u0634\u0631\u0643\u0627\u062a \u0627\u0644\u0645\u0642\u0627\u0648\u0644\u0627\u062a \u0628\u062a\u0642\u062f\u064a\u0645 \u0645\u0634\u0627\u0631\u064a\u0639\u0647\u0627 \u0648\u0648\u0643\u0627\u0644\u0627\u062a\u0647\u0627 \u0627\u0644\u0639\u0642\u0627\u0631\u064a\u0629 \u0644\u0625\u0639\u0644\u0627\u0646 \u0645\u062d\u0641\u0638\u0629 \u0639\u0642\u0627\u0631\u0627\u062a\u0647\u0627 \u0645\u0639 \u062a\u0641\u0627\u0635\u064a\u0644 \u0644\u0644\u0645\u0634\u062a\u0631\u064a\u0646 \u0627\u0644\u0623\u062c\u0627\u0646\u0628. \u0627\u0644\u062f\u0627\u0631 \u062a\u0631\u0643\u064a\u0627 \u0647\u064a \u0645\u0646\u0635\u0629 \u0645\u0648\u062b\u0648\u0642\u0629 \u062a\u062a\u0639\u0627\u0648\u0646 \u0645\u0639 \u0623\u0641\u0636\u0644 \u0627\u0644\u0648\u0643\u0627\u0644\u0627\u062a \u0627\u0644\u0639\u0642\u0627\u0631\u064a\u0629 \u060c \u0648\u062a\u0642\u062f\u0645 \u0644\u0644\u0623\u0641\u0631\u0627\u062f \u0627\u0644\u0645\u0639\u0644\u0648\u0645\u0627\u062a \u0627\u0644\u062a\u064a \u064a\u062d\u062a\u0627\u062c\u0648\u0646 \u0625\u0644\u064a\u0647\u0627 \u0628\u0644\u063a\u0627\u062a \u0645\u062a\u0639\u062f\u062f\u0629. \u0628\u0627\u0644\u0625\u0636\u0627\u0641\u0629 \u0625\u0644\u0649 \u0627\u0644\u062e\u062f\u0645\u0627\u062a \u061b \u0645\u062b\u0644 \u0627\u0644\u0625\u0642\u0627\u0645\u0629 \u0648\u0627\u0644\u0646\u0642\u0644 \u0648\u062a\u0623\u062c\u064a\u0631 \u0627\u0644\u0633\u064a\u0627\u0631\u0627\u062a \u060c \u062a\u0648\u0641\u0631 \u0627\u0644\u062f\u0627\u0631 \u062a\u0631\u0643\u064a\u0627 \u0623\u064a\u0636\u064b\u0627 \u0627\u0644\u0648\u0635\u0648\u0644 \u0625\u0644\u0649 \u0634\u0631\u0643\u0627\u062a \u0627\u0644\u0627\u0633\u062a\u0634\u0627\u0631\u0627\u062a \u0627\u0644\u0642\u0627\u0646\u0648\u0646\u064a\u0629 \u0648\u0627\u0644\u0645\u0624\u0633\u0633\u0627\u062a \u0627\u0644\u062a\u0639\u0644\u064a\u0645\u064a\u0629 \u0644\u0644\u0645\u0634\u062a\u0631\u064a\u0646.&#8221; font_container=&#8221;tag:h3|font_size:20|text_align:left|color:%236d767a|line_height:1.5&#8243; use_theme_fonts=&#8221;yes&#8221; css=&#8221;.vc_custom_1649423369227{margin-top: 33px !important;}&#8221;][vc_btn title=&#8221;\u0645\u0648\u0642\u0639 \u0627\u0644\u0643\u062a\u0631\u0648\u0646\u064a&#8221; style=&#8221;flat&#8221; color=&#8221;theme_style_1&#8243; css=&#8221;.vc_custom_1649422087927{margin-top: -22px !important;}&#8221; link=&#8221;url:http%3A%2F%2Fkataremlak.com||target:%20_blank|&#8221;][\/vc_column][\/vc_row][vc_row css=&#8221;.vc_custom_1598255377301{margin-top: -22px !important;margin-bottom: 22px !important;}&#8221;][vc_column width=&#8221;1\/2&#8243; offset=&#8221;vc_hidden-lg vc_hidden-md vc_hidden-sm&#8221;][vc_custom_heading icon_size=&#8221;Aldar Turkey in\u015faat firmalar\u0131n\u0131n projelerini ve gayrimenkul firmalar\u0131n\u0131n m\u00fclk ilanlar\u0131n\u0131 detaylar\u0131 ile yabanc\u0131 al\u0131c\u0131lara sunmas\u0131na olanak sa\u011flar. En iyi gayrimenkul firmalar\u0131 ile i\u015f birli\u011fi yapan g\u00fcvenilir bir platform olan Aldar Turkey, bireylere ihtiya\u00e7 duyduklar\u0131 bilgiyi \u00e7ok dilde sunar. Al\u0131c\u0131lar; konaklama, transfer ve ara\u00e7 kiralama gibi hizmetlerin yan\u0131 s\u0131ra hukuki dan\u0131\u015fmanl\u0131k firmalar\u0131 ile e\u011fitim kurumlar\u0131na da eri\u015fim sa\u011flar. M\u00fclk sat\u0131n almak veya sa\u011fl\u0131k hizmeti almak isteyenler, arad\u0131klar\u0131 tedavi veya m\u00fclk isteklerini belirtip hizmet sa\u011flay\u0131c\u0131lar\u0131n teklif g\u00f6nderebilece\u011fi talep ilan\u0131 yay\u0131nlayabilir. Bireylerin konforlar\u0131n\u0131 garanti edecek hizmetler Aldar Turkey \u00e7at\u0131s\u0131 alt\u0131nda sunulur.&#8221; stm_title_font_weight=&#8221;400&#8243; text=&#8221;\u062a\u0633\u0645\u062d \u0627\u0644\u062f\u0627\u0631 \u062a\u0631\u0643\u064a\u0627 \u0644\u0634\u0631\u0643\u0627\u062a \u0627\u0644\u0645\u0642\u0627\u0648\u0644\u0627\u062a \u0628\u062a\u0642\u062f\u064a\u0645 \u0645\u0634\u0627\u0631\u064a\u0639\u0647\u0627 \u0648\u0648\u0643\u0627\u0644\u0627\u062a\u0647\u0627 \u0627\u0644\u0639\u0642\u0627\u0631\u064a\u0629 \u0644\u0625\u0639\u0644\u0627\u0646 \u0645\u062d\u0641\u0638\u0629 \u0639\u0642\u0627\u0631\u0627\u062a\u0647\u0627 \u0645\u0639 \u062a\u0641\u0627\u0635\u064a\u0644 \u0644\u0644\u0645\u0634\u062a\u0631\u064a\u0646 \u0627\u0644\u0623\u062c\u0627\u0646\u0628. \u0627\u0644\u062f\u0627\u0631 \u062a\u0631\u0643\u064a\u0627 \u0647\u064a \u0645\u0646\u0635\u0629 \u0645\u0648\u062b\u0648\u0642\u0629 \u062a\u062a\u0639\u0627\u0648\u0646 \u0645\u0639 \u0623\u0641\u0636\u0644 \u0627\u0644\u0648\u0643\u0627\u0644\u0627\u062a \u0627\u0644\u0639\u0642\u0627\u0631\u064a\u0629 \u060c \u0648\u062a\u0642\u062f\u0645 \u0644\u0644\u0623\u0641\u0631\u0627\u062f \u0627\u0644\u0645\u0639\u0644\u0648\u0645\u0627\u062a \u0627\u0644\u062a\u064a \u064a\u062d\u062a\u0627\u062c\u0648\u0646 \u0625\u0644\u064a\u0647\u0627 \u0628\u0644\u063a\u0627\u062a \u0645\u062a\u0639\u062f\u062f\u0629. \u0628\u0627\u0644\u0625\u0636\u0627\u0641\u0629 \u0625\u0644\u0649 \u0627\u0644\u062e\u062f\u0645\u0627\u062a \u061b \u0645\u062b\u0644 \u0627\u0644\u0625\u0642\u0627\u0645\u0629 \u0648\u0627\u0644\u0646\u0642\u0644 \u0648\u062a\u0623\u062c\u064a\u0631 \u0627\u0644\u0633\u064a\u0627\u0631\u0627\u062a \u060c \u062a\u0648\u0641\u0631 \u0627\u0644\u062f\u0627\u0631 \u062a\u0631\u0643\u064a\u0627 \u0623\u064a\u0636\u064b\u0627 \u0627\u0644\u0648\u0635\u0648\u0644 \u0625\u0644\u0649 \u0634\u0631\u0643\u0627\u062a \u0627\u0644\u0627\u0633\u062a\u0634\u0627\u0631\u0627\u062a \u0627\u0644\u0642\u0627\u0646\u0648\u0646\u064a\u0629 \u0648\u0627\u0644\u0645\u0624\u0633\u0633\u0627\u062a \u0627\u0644\u062a\u0639\u0644\u064a\u0645\u064a\u0629 \u0644\u0644\u0645\u0634\u062a\u0631\u064a\u0646.&#8221; font_container=&#8221;tag:div|font_size:16|text_align:left|color:%236d767a|line_height:1.5&#8243; use_theme_fonts=&#8221;yes&#8221; css=&#8221;.vc_custom_1649423383538{margin-top: 11px !important;}&#8221;][\/vc_column][\/vc_row]<\/p>\n","protected":false},"excerpt":{"rendered":"<p>[vc_row full_width=&#8221;stretch_row&#8221; css=&#8221;.vc_custom_1654607421005{padding-bottom: 33px !important;background-image: url(https:\/\/aldargroup.com.tr\/ar\/wp-content\/uploads\/2022\/03\/aldarturkey-min-1.png?id=9953) !important;background-position: center !important;background-repeat: no-repeat !important;background-size: cover !important;}&#8221; el_class=&#8221;fixed_bg overlay_2&#8243;][vc_column offset=&#8221;vc_hidden-lg vc_hidden-md vc_hidden-sm&#8221; css=&#8221;.vc_custom_1599119038883{padding-bottom: 155px !important;}&#8221;][vc_single_image image=&#8221;9967&#8243; img_size=&#8221;full&#8221; alignment=&#8221;center&#8221; onclick=&#8221;zoom&#8221; css_animation=&#8221;top-to-bottom&#8221; css=&#8221;.vc_custom_1654607558242{margin-top: 22px !important;margin-left: -12px !important;}&#8221;][vc_custom_heading stm_title_font_weight=&#8221;500&#8243; text=&#8221;\u0627\u0644\u062f\u0627\u0631 \u062a\u0631\u0643\u064a\u0627 \u0647\u064a \u0645\u0646\u0635\u0629 \u0645\u062a\u0639\u062f\u062f\u0629 \u0627\u0644\u0644\u063a\u0627\u062a \u0639\u0644\u0649 \u0627\u0644\u0625\u0646\u062a\u0631\u0646\u062a \u062a\u0642\u062f\u0645 \u0645\u0639\u0644\u0648\u0645\u0627\u062a \u0644\u0644\u0639\u0645\u0644\u0627\u0621 \u0627\u0644\u0623\u062c\u0627\u0646\u0628 \u060c \u0627\u0644\u0630\u064a\u0646 \u064a\u0628\u062d\u062b\u0648\u0646 \u0639\u0646 \u0631\u0639\u0627\u064a\u0629 \u0635\u062d\u064a\u0629 \u0623\u0648 \u0627\u0633\u062a\u062b\u0645\u0627\u0631 \u0639\u0642\u0627\u0631\u064a \u0641\u064a \u062a\u0631\u0643\u064a\u0627.<\/p>\n","protected":false},"author":1,"featured_media":0,"parent":0,"menu_order":0,"comment_status":"closed","ping_status":"closed","template":"","meta":[],"_links":{"self":[{"href":"https:\/\/aldargroup.com.tr\/ar\/wp-json\/wp\/v2\/pages\/8396"}],"collection":[{"href":"https:\/\/aldargroup.com.tr\/ar\/wp-json\/wp\/v2\/pages"}],"about":[{"href":"https:\/\/aldargroup.com.tr\/ar\/wp-json\/wp\/v2\/types\/page"}],"author":[{"embeddable":true,"href":"https:\/\/aldargroup.com.tr\/ar\/wp-json\/wp\/v2\/users\/1"}],"replies":[{"embeddable":true,"href":"https:\/\/aldargroup.com.tr\/ar\/wp-json\/wp\/v2\/comments?post=8396"}],"version-history":[{"count":70,"href":"https:\/\/aldargroup.com.tr\/ar\/wp-json\/wp\/v2\/pages\/8396\/revisions"}],"predecessor-version":[{"id":9999,"href":"https:\/\/aldargroup.com.tr\/ar\/wp-json\/wp\/v2\/pages\/8396\/revisions\/9999"}],"wp:attachment":[{"href":"https:\/\/aldargroup.com.tr\/ar\/wp-json\/wp\/v2\/media?parent=8396"}],"curies":[{"name":"wp","href":"https:\/\/api.w.org\/{rel}","templated":true}]}}