{"id":6206,"date":"2019-11-25T05:33:35","date_gmt":"2019-11-25T02:33:35","guid":{"rendered":"http:\/\/consulting.stylemixthemes.com\/demo\/?page_id=6206"},"modified":"2020-09-09T22:49:36","modified_gmt":"2020-09-09T19:49:36","slug":"sectors","status":"publish","type":"page","link":"https:\/\/aldargroup.com.tr\/ar\/sectors\/","title":{"rendered":"\u0642\u0637\u0627\u0639\u0627\u062a\u0646\u0627"},"content":{"rendered":"<p>[vc_row][vc_column][vc_custom_heading stm_title_font_weight=&#8221;700&#8243; text=&#8221;\u0642\u0637\u0627\u0639\u0627\u062a\u0646\u0627&#8221; font_container=&#8221;tag:h3|font_size:38|text_align:center|color:%239d1e3d|line_height:1.5&#8243; use_theme_fonts=&#8221;yes&#8221;][vc_single_image image=&#8221;7556&#8243; img_size=&#8221;full&#8221; css_animation=&#8221;fadeInUp&#8221; css=&#8221;.vc_custom_1599555391367{margin-top: -66px !important;padding-left: 445px !important;}&#8221;][\/vc_column][\/vc_row][vc_row content_placement=&#8221;top&#8221; css=&#8221;.vc_custom_1599679216168{margin-bottom: 11px !important;}&#8221;][vc_column]<div  class=\"jeg_heroblock jeg_heroblock_2 jeg_col_2o3 jeg_hero_style_5 epic_module__0_69f495f57272b vc_custom_1598883113496 \" data-margin=\"1\" >\n                <div class=\"jeg_heroblock_wrapper\" style='margin: 0px 0px -1px -1px;'>\n\t                <article class=\"jeg_post jeg_hero_item_1 post-8364 page type-page status-publish has-post-thumbnail hentry\" style=\"padding: 0 0 1px 1px;\">\n                    <div class=\"jeg_block_container\">\n                        \n                        <span class=\"jeg_postformat_icon\"><\/span>\n                        <div class=\"jeg_thumb\">\n                            <a href=\"https:\/\/aldargroup.com.tr\/ar\/software\/\" ><div class=\"thumbnail-container thumbnail-background\" data-src=\"https:\/\/aldargroup.com.tr\/ar\/wp-content\/uploads\/2020\/08\/yaz\u0131l\u0131mm-min.jpg\" >\n                        <div class=\"lazyloaded\" data-src=\"https:\/\/aldargroup.com.tr\/ar\/wp-content\/uploads\/2020\/08\/yaz\u0131l\u0131mm-min.jpg\" style=\"background-image: url(https:\/\/aldargroup.com.tr\/ar\/wp-content\/uploads\/2020\/08\/yaz\u0131l\u0131mm-min.jpg)\"><\/div>\n                    <\/div><\/a>\n                        <\/div>\n                        <div class=\"jeg_postblock_content\">\n                            <div class=\"jeg_post_category\"><\/div>\n                            <div class=\"jeg_post_info\">\n                                <h2 class=\"jeg_post_title\">\n                                    <a href=\"https:\/\/aldargroup.com.tr\/ar\/software\/\" >\u0627\u0644\u0628\u0631\u0645\u062c\u064a\u0627\u062a<\/a>\n                                <\/h2>\n                            <\/div>\n                        <\/div>\n                    <\/div>\n                <\/article>\n            <div class=\"jeg_heroblock_scroller\">\n                <article class=\"jeg_post jeg_hero_item_2 post-8380 page type-page status-publish has-post-thumbnail hentry\" style=\"padding: 0 0 1px 1px;\">\n                    <div class=\"jeg_block_container\">\n                        \n                        <span class=\"jeg_postformat_icon\"><\/span>\n                        <div class=\"jeg_thumb\">\n                            <a href=\"https:\/\/aldargroup.com.tr\/ar\/agriculture\/\" ><div class=\"thumbnail-container thumbnail-background\" data-src=\"https:\/\/aldargroup.com.tr\/ar\/wp-content\/uploads\/2020\/08\/tar\u0131mm-min.jpg\" >\n                        <div class=\"lazyloaded\" data-src=\"https:\/\/aldargroup.com.tr\/ar\/wp-content\/uploads\/2020\/08\/tar\u0131mm-min.jpg\" style=\"background-image: url(https:\/\/aldargroup.com.tr\/ar\/wp-content\/uploads\/2020\/08\/tar\u0131mm-min.jpg)\"><\/div>\n                    <\/div><\/a>\n                        <\/div>\n                        <div class=\"jeg_postblock_content\">\n                            <div class=\"jeg_post_category\">\n                                \n                            <\/div>\n                            <div class=\"jeg_post_info\">\n                                <h2 class=\"jeg_post_title\">\n                                    <a href=\"https:\/\/aldargroup.com.tr\/ar\/agriculture\/\">\u0627\u0644\u0632\u0631\u0627\u0639\u0629<\/a>\n                                <\/h2>\n                              \n                            <\/div>\n                        <\/div>\n                    <\/div>\n                <\/article><article class=\"jeg_post jeg_hero_item_3 post-8377 page type-page status-publish has-post-thumbnail hentry\" style=\"padding: 0 0 1px 1px;\">\n                    <div class=\"jeg_block_container\">\n                        \n                        <span class=\"jeg_postformat_icon\"><\/span>\n                        <div class=\"jeg_thumb\">\n                            <a href=\"https:\/\/aldargroup.com.tr\/ar\/healthtourism\/\" ><div class=\"thumbnail-container thumbnail-background\" data-src=\"https:\/\/aldargroup.com.tr\/ar\/wp-content\/uploads\/2020\/08\/turzzz-min.jpg\" >\n                        <div class=\"lazyloaded\" data-src=\"https:\/\/aldargroup.com.tr\/ar\/wp-content\/uploads\/2020\/08\/turzzz-min.jpg\" style=\"background-image: url(https:\/\/aldargroup.com.tr\/ar\/wp-content\/uploads\/2020\/08\/turzzz-min.jpg)\"><\/div>\n                    <\/div><\/a>\n                        <\/div>\n                        <div class=\"jeg_postblock_content\">\n                            <div class=\"jeg_post_category\">\n                                \n                            <\/div>\n                            <div class=\"jeg_post_info\">\n                                <h2 class=\"jeg_post_title\">\n                                    <a href=\"https:\/\/aldargroup.com.tr\/ar\/healthtourism\/\">\u0627\u0644\u0633\u064a\u0627\u062d\u0629 \u0627\u0644\u0635\u062d\u064a\u0629<\/a>\n                                <\/h2>\n                              \n                            <\/div>\n                        <\/div>\n                    <\/div>\n                <\/article><article class=\"jeg_post jeg_hero_item_4 post-8373 page type-page status-publish has-post-thumbnail hentry\" style=\"padding: 0 0 1px 1px;\">\n                    <div class=\"jeg_block_container\">\n                        \n                        <span class=\"jeg_postformat_icon\"><\/span>\n                        <div class=\"jeg_thumb\">\n                            <a href=\"https:\/\/aldargroup.com.tr\/ar\/realestate\/\" ><div class=\"thumbnail-container thumbnail-background\" data-src=\"https:\/\/aldargroup.com.tr\/ar\/wp-content\/uploads\/2020\/08\/emak-min.png\" >\n                        <div class=\"lazyloaded\" data-src=\"https:\/\/aldargroup.com.tr\/ar\/wp-content\/uploads\/2020\/08\/emak-min.png\" style=\"background-image: url(https:\/\/aldargroup.com.tr\/ar\/wp-content\/uploads\/2020\/08\/emak-min.png)\"><\/div>\n                    <\/div><\/a>\n                        <\/div>\n                        <div class=\"jeg_postblock_content\">\n                            <div class=\"jeg_post_category\">\n                                \n                            <\/div>\n                            <div class=\"jeg_post_info\">\n                                <h2 class=\"jeg_post_title\">\n                                    <a href=\"https:\/\/aldargroup.com.tr\/ar\/realestate\/\">\u0627\u0644\u0639\u0642\u0627\u0631\u0627\u062a<\/a>\n                                <\/h2>\n                              \n                            <\/div>\n                        <\/div>\n                    <\/div>\n                <\/article><article class=\"jeg_post jeg_hero_item_5 post-8369 page type-page status-publish has-post-thumbnail hentry\" style=\"padding: 0 0 1px 1px;\">\n                    <div class=\"jeg_block_container\">\n                        \n                        <span class=\"jeg_postformat_icon\"><\/span>\n                        <div class=\"jeg_thumb\">\n                            <a href=\"https:\/\/aldargroup.com.tr\/ar\/importexport\/\" ><div class=\"thumbnail-container thumbnail-background\" data-src=\"https:\/\/aldargroup.com.tr\/ar\/wp-content\/uploads\/2020\/08\/d\u0131\u015f\u015f-min.jpg\" >\n                        <div class=\"lazyloaded\" data-src=\"https:\/\/aldargroup.com.tr\/ar\/wp-content\/uploads\/2020\/08\/d\u0131\u015f\u015f-min.jpg\" style=\"background-image: url(https:\/\/aldargroup.com.tr\/ar\/wp-content\/uploads\/2020\/08\/d\u0131\u015f\u015f-min.jpg)\"><\/div>\n                    <\/div><\/a>\n                        <\/div>\n                        <div class=\"jeg_postblock_content\">\n                            <div class=\"jeg_post_category\">\n                                \n                            <\/div>\n                            <div class=\"jeg_post_info\">\n                                <h2 class=\"jeg_post_title\">\n                                    <a href=\"https:\/\/aldargroup.com.tr\/ar\/importexport\/\">\u0627\u0633\u062a\u064a\u0631\u0627\u062f \u0648 \u062a\u0635\u062f\u064a\u0631<\/a>\n                                <\/h2>\n                              \n                            <\/div>\n                        <\/div>\n                    <\/div>\n                <\/article>\n            <\/div>\n\t            <\/div>\n            <\/div>\n            <style scoped>.jeg_heroblock.epic_module__0_69f495f57272b .jeg_hero_item_1 .jeg_thumb a > div:after {\n                            background: -moz-linear-gradient(0deg, rgba(255,255,255,0.5) 0%, rgba(255,255,255,0.5) 100%);\n                            background: -webkit-linear-gradient(0deg, rgba(255,255,255,0.5) 0%, rgba(255,255,255,0.5) 100%);\n                            background: linear-gradient(0deg, rgba(255,255,255,0.5) 0%, rgba(255,255,255,0.5) 100%);\n                        }.jeg_heroblock.epic_module__0_69f495f57272b .jeg_hero_item_2 .jeg_thumb a > div:after {\n                            background: -moz-linear-gradient(0deg, rgba(255,255,255,0.5) 0%, rgba(255,255,255,0.5) 100%);\n                            background: -webkit-linear-gradient(0deg, rgba(255,255,255,0.5) 0%, rgba(255,255,255,0.5) 100%);\n                            background: linear-gradient(0deg, rgba(255,255,255,0.5) 0%, rgba(255,255,255,0.5) 100%);\n                        }.jeg_heroblock.epic_module__0_69f495f57272b .jeg_hero_item_3 .jeg_thumb a > div:after {\n                            background: -moz-linear-gradient(0deg, rgba(255,255,255,0.5) 0%, rgba(255,255,255,0.5) 100%);\n                            background: -webkit-linear-gradient(0deg, rgba(255,255,255,0.5) 0%, rgba(255,255,255,0.5) 100%);\n                            background: linear-gradient(0deg, rgba(255,255,255,0.5) 0%, rgba(255,255,255,0.5) 100%);\n                        }.jeg_heroblock.epic_module__0_69f495f57272b .jeg_hero_item_4 .jeg_thumb a > div:after {\n                            background: -moz-linear-gradient(0deg, rgba(255,255,255,0.5) 0%, rgba(255,255,255,0.5) 100%);\n                            background: -webkit-linear-gradient(0deg, rgba(255,255,255,0.5) 0%, rgba(255,255,255,0.5) 100%);\n                            background: linear-gradient(0deg, rgba(255,255,255,0.5) 0%, rgba(255,255,255,0.5) 100%);\n                        }.jeg_heroblock.epic_module__0_69f495f57272b .jeg_hero_item_5 .jeg_thumb a > div:after {\n                            background: -moz-linear-gradient(0deg, rgba(255,255,255,0.5) 0%, rgba(255,255,255,0.5) 100%);\n                            background: -webkit-linear-gradient(0deg, rgba(255,255,255,0.5) 0%, rgba(255,255,255,0.5) 100%);\n                            background: linear-gradient(0deg, rgba(255,255,255,0.5) 0%, rgba(255,255,255,0.5) 100%);\n                        }<\/style>[\/vc_column][\/vc_row][vc_row css=&#8221;.vc_custom_1598883129890{margin-top: 22px !important;}&#8221;][vc_column][vc_cta h2=&#8221;\u064a\u0645\u0643\u0646\u0643 \u0627\u0644\u0648\u0635\u0648\u0644 \u0625\u0644\u064a\u0646\u0627 \u0641\u064a\u0645\u0627 \u064a\u062a\u0639\u0644\u0642 \u0628\u062c\u0645\u064a\u0639 \u0627\u062d\u062a\u064a\u0627\u062c\u0627\u062a\u0643 \u0627\u0644\u0642\u0637\u0627\u0639\u064a\u0629.&#8221; h2_font_container=&#8221;font_size:20px|color:%23002e5b|line_height:24px&#8221; h2_use_theme_fonts=&#8221;yes&#8221; shape=&#8221;square&#8221; style=&#8221;flat&#8221; add_button=&#8221;right&#8221; btn_title=&#8221;\u0627\u062a\u0635\u0644 \u0628\u0646\u0627&#8221; btn_style=&#8221;flat&#8221; btn_color=&#8221;theme_style_2&#8243; btn_size=&#8221;lg&#8221; btn_align=&#8221;right&#8221; btn_i_align=&#8221;right&#8221; btn_i_icon_fontawesome=&#8221;stm-lnr-arrow-right&#8221; use_custom_fonts_h2=&#8221;true&#8221; btn_button_block=&#8221;true&#8221; btn_add_icon=&#8221;true&#8221; el_class=&#8221;third_bg_color&#8221; css=&#8221;.vc_custom_1599680970148{margin-bottom: 0px !important;}&#8221; btn_link=&#8221;url:https%3A%2F%2Faldargroup.com.tr%2Far%2Fcontactus%2F|title:%C4%B0leti%C5%9Fim|target:%20_blank|&#8221;][\/vc_cta][\/vc_column][\/vc_row]<\/p>\n","protected":false},"excerpt":{"rendered":"<p>[vc_row][vc_column][vc_custom_heading stm_title_font_weight=&#8221;700&#8243; text=&#8221;\u0642\u0637\u0627\u0639\u0627\u062a\u0646\u0627&#8221; font_container=&#8221;tag:h3|font_size:38|text_align:center|color:%239d1e3d|line_height:1.5&#8243; use_theme_fonts=&#8221;yes&#8221;][vc_single_image image=&#8221;7556&#8243; img_size=&#8221;full&#8221; css_animation=&#8221;fadeInUp&#8221; css=&#8221;.vc_custom_1599555391367{margin-top: -66px !important;padding-left: 445px !important;}&#8221;][\/vc_column][\/vc_row][vc_row content_placement=&#8221;top&#8221; css=&#8221;.vc_custom_1599679216168{margin-bottom: 11px !important;}&#8221;][vc_column][\/vc_column][\/vc_row][vc_row css=&#8221;.vc_custom_1598883129890{margin-top: 22px !important;}&#8221;][vc_column][vc_cta h2=&#8221;\u064a\u0645\u0643\u0646\u0643 \u0627\u0644\u0648\u0635\u0648\u0644 \u0625\u0644\u064a\u0646\u0627 \u0641\u064a\u0645\u0627 \u064a\u062a\u0639\u0644\u0642 \u0628\u062c\u0645\u064a\u0639 \u0627\u062d\u062a\u064a\u0627\u062c\u0627\u062a\u0643 \u0627\u0644\u0642\u0637\u0627\u0639\u064a\u0629.&#8221; h2_font_container=&#8221;font_size:20px|color:%23002e5b|line_height:24px&#8221; h2_use_theme_fonts=&#8221;yes&#8221; shape=&#8221;square&#8221; style=&#8221;flat&#8221; add_button=&#8221;right&#8221; btn_title=&#8221;\u0627\u062a\u0635\u0644 \u0628\u0646\u0627&#8221; btn_style=&#8221;flat&#8221; btn_color=&#8221;theme_style_2&#8243; btn_size=&#8221;lg&#8221; btn_align=&#8221;right&#8221; btn_i_align=&#8221;right&#8221; btn_i_icon_fontawesome=&#8221;stm-lnr-arrow-right&#8221; use_custom_fonts_h2=&#8221;true&#8221; btn_button_block=&#8221;true&#8221; btn_add_icon=&#8221;true&#8221; el_class=&#8221;third_bg_color&#8221; css=&#8221;.vc_custom_1599680970148{margin-bottom: 0px !important;}&#8221; btn_link=&#8221;url:https%3A%2F%2Faldargroup.com.tr%2Far%2Fcontactus%2F|title:%C4%B0leti%C5%9Fim|target:%20_blank|&#8221;][\/vc_cta][\/vc_column][\/vc_row]<\/p>\n","protected":false},"author":1,"featured_media":0,"parent":0,"menu_order":0,"comment_status":"closed","ping_status":"closed","template":"","meta":[],"_links":{"self":[{"href":"https:\/\/aldargroup.com.tr\/ar\/wp-json\/wp\/v2\/pages\/6206"}],"collection":[{"href":"https:\/\/aldargroup.com.tr\/ar\/wp-json\/wp\/v2\/pages"}],"about":[{"href":"https:\/\/aldargroup.com.tr\/ar\/wp-json\/wp\/v2\/types\/page"}],"author":[{"embeddable":true,"href":"https:\/\/aldargroup.com.tr\/ar\/wp-json\/wp\/v2\/users\/1"}],"replies":[{"embeddable":true,"href":"https:\/\/aldargroup.com.tr\/ar\/wp-json\/wp\/v2\/comments?post=6206"}],"version-history":[{"count":28,"href":"https:\/\/aldargroup.com.tr\/ar\/wp-json\/wp\/v2\/pages\/6206\/revisions"}],"predecessor-version":[{"id":9910,"href":"https:\/\/aldargroup.com.tr\/ar\/wp-json\/wp\/v2\/pages\/6206\/revisions\/9910"}],"wp:attachment":[{"href":"https:\/\/aldargroup.com.tr\/ar\/wp-json\/wp\/v2\/media?parent=6206"}],"curies":[{"name":"wp","href":"https:\/\/api.w.org\/{rel}","templated":true}]}}